{"id":423,"date":"2026-02-16T14:36:42","date_gmt":"2026-02-16T13:36:42","guid":{"rendered":"https:\/\/shop.climateking.eu\/widerrufsrecht\/"},"modified":"2026-02-17T09:36:10","modified_gmt":"2026-02-17T08:36:10","slug":"widerrufsrecht","status":"publish","type":"page","link":"https:\/\/shop.climateking.eu\/de\/widerrufsrecht\/","title":{"rendered":"Widerrufsrecht"},"content":{"rendered":"<div class=\"wpb-content-wrapper\"><p>[vc_row][vc_column][vc_column_text css=&#8220;&#8220;]<\/p>\n<h1>Widerrufsrecht<\/h1>\n<h3>1. Umfang des Widerrufsrechts<\/h3>\n<p>1.1. Das Widerrufsrecht gilt ausschlie\u00dflich f\u00fcr nat\u00fcrliche Personen, die au\u00dferhalb ihrer beruflichen oder gewerblichen T\u00e4tigkeit handeln und mit Climate King BV einen Fernabsatzvertrag innerhalb eines Mitgliedstaats der Europ\u00e4ischen Union geschlossen haben.<br \/>\n1.2. Vertr\u00e4ge mit Gesch\u00e4ftskunden sind ausdr\u00fccklich vom Widerrufsrecht ausgeschlossen. <\/p>\n<h3>2. Widerrufsfrist<\/h3>\n<p>2.1. Als Verbraucher hast du das Recht, den Vertrag innerhalb einer Frist von vierzehn Tagen ohne Angabe von Gr\u00fcnden zu widerrufen.<br \/>\n2.2. Diese Frist beginnt an dem Tag, an dem du oder ein von dir benannter Dritter, der nicht der Bef\u00f6rderer ist, das Produkt physisch in Besitz genommen hat.<br \/>\n2.3. Wenn eine Bestellung aus mehreren Produkten besteht, die getrennt geliefert werden, beginnt die Widerrufsfrist an dem Tag, an dem das letzte Produkt eingegangen ist.  <\/p>\n<h3>3. Art und Weise des Widerrufs<\/h3>\n<p>3.1. Um das Widerrufsrecht rechtsg\u00fcltig auszu\u00fcben, musst du innerhalb der Widerrufsfrist eindeutig erkl\u00e4ren, dass du den Vertrag widerrufen m\u00f6chtest.<br \/>\n3.2. Der Widerruf muss \u00fcber das Kontaktformular auf der Website von Climate King BV erfolgen.<br \/>\n3.3. Auf dieser Seite ist ein R\u00fccksendeformular verf\u00fcgbar, das du vollst\u00e4ndig und wahrheitsgem\u00e4\u00df ausf\u00fcllen musst.<br \/>\n3.4. Das ausgef\u00fcllte R\u00fccksendeformular muss zwingend mit den zur\u00fcckgesandten Produkten mitgeschickt werden.<br \/>\n3.5. Die Beweislast f\u00fcr einen rechtzeitigen und korrekten Widerruf liegt vollst\u00e4ndig bei dir.    <\/p>\n<h3>4. Pflichten des Verbrauchers nach dem Widerruf<\/h3>\n<p>4.1. Nach dem Widerruf bist du verpflichtet, die Produkte so schnell wie vern\u00fcnftigerweise m\u00f6glich und in dem Zustand, in dem sie sich befinden, an die von Climate King BV angegebene R\u00fccksendeadresse zur\u00fcckzusenden.<br \/>\n4.2. Alle mit der R\u00fccksendung verbundenen Kosten, einschlie\u00dflich, aber nicht beschr\u00e4nkt auf Versandkosten, Verpackungsmaterialien sowie etwaige zus\u00e4tzliche Logistik- oder Zollkosten, gehen vollst\u00e4ndig zu deinen Lasten. Diese Kosten k\u00f6nnen je nach Mitgliedstaat der Europ\u00e4ischen Union variieren und h\u00e4ngen von der von dir gew\u00e4hlten Versandart ab.<br \/>\n4.3. Du tr\u00e4gst das volle Risiko f\u00fcr Verlust, Besch\u00e4digung oder andere nachteilige Folgen, die w\u00e4hrend des Transports der R\u00fccksendung auftreten k\u00f6nnen, bis die Produkte tats\u00e4chlich bei Climate King BV eingegangen sind und von uns gepr\u00fcft wurden.<br \/>\n4.4. Die in Artikel 2 genannte Frist von vierzehn Tagen bezieht sich ausschlie\u00dflich auf dein Recht, den Vertrag zu widerrufen, und verpflichtet dich nicht, die Produkte innerhalb einer bestimmten Frist zu versenden. Du solltest jedoch eine angemessene Eile bei der R\u00fccksendung walten lassen.     <\/p>\n<h3>5. Pr\u00fcfung, Wertminderung und R\u00fcckerstattung<\/h3>\n<p>5.1. Nach Erhalt der R\u00fccksendung wird Climate King BV die Produkte auf Vollst\u00e4ndigkeit, Besch\u00e4digungen, Gebrauchsspuren und Verschmutzungen pr\u00fcfen.<br \/>\n5.2. Wenn das Produkt in einer Weise verwendet wurde, die \u00fcber das hinausgeht, was zur Feststellung der Art, der Eigenschaften und der Funktionsweise erforderlich ist, ist Climate King BV berechtigt, eine Wertminderung geltend zu machen.<br \/>\n5.3. Diese Wertminderung kann je nach Zustand des Produkts bis zu einhundert Prozent des Kaufpreises betragen.<br \/>\n5.4. Eine R\u00fcckerstattung erfolgt erst, nachdem Climate King BV die R\u00fccksendung tats\u00e4chlich erhalten und gepr\u00fcft hat.<br \/>\n5.5. Die R\u00fcckerstattung umfasst den Kaufpreis einschlie\u00dflich der von Climate King BV berechneten Standardversandkosten f\u00fcr die Hinsendung, abz\u00fcglich einer etwaigen Wertminderung.<br \/>\n5.6. Die R\u00fcckerstattung erfolgt \u00fcber dasselbe Zahlungsmittel, mit dem die urspr\u00fcngliche Zahlung get\u00e4tigt wurde, sofern nicht ausdr\u00fccklich etwas anderes vereinbart wurde.     <\/p>\n<h3>6. Ausschl\u00fcsse vom Widerrufsrecht<\/h3>\n<p>6.1. Das Widerrufsrecht ist f\u00fcr Produkte ausgeschlossen, die aus Gr\u00fcnden der Hygiene oder des Gesundheitsschutzes nicht zur R\u00fcckgabe geeignet sind und deren Zustand sich nach der Lieferung ver\u00e4ndert hat.<br \/>\n6.2. Bei Klimaanlagen erlischt das Widerrufsrecht, wenn die Hygienefilter verschmutzt sind oder das Produkt so benutzt wurde, dass es ohne zus\u00e4tzliche Ma\u00dfnahmen nicht wieder verkauft werden kann.<br \/>\n6.3. Das Testen von Produkten innerhalb der Widerrufsfrist ist zul\u00e4ssig, sofern es sich auf das beschr\u00e4nkt, was zur Feststellung der Art, der Eigenschaften und der Funktionsweise erforderlich ist, und keine dauerhaften Ver\u00e4nderungen oder Verschmutzungen verursacht.  <\/p>\n<h3>7. Anwendbares Recht und Verbraucherschutz<\/h3>\n<p>7.1. Diese Bestimmungen wurden in \u00dcbereinstimmung mit niederl\u00e4ndischem Recht erstellt.<br \/>\n7.2. Soweit zwingender Verbraucherschutz im Mitgliedstaat des Verbrauchers anwendbar ist, beh\u00e4ltst du alle gesetzlichen Rechte gem\u00e4\u00df den Vorschriften deines Wohnsitzstaates innerhalb der Europ\u00e4ischen Union.<br \/>\n7.3. Nichts in diesen Bedingungen ist als Einschr\u00e4nkung deiner gesetzlichen Rechte nach den geltenden Rechtsvorschriften des Mitgliedstaats auszulegen, in dem du deinen Wohnsitz hast.  [\/vc_column_text][vc_column_text css=&#8220;&#8220;]<a href=\"https:\/\/shop.climateking.eu\/wp-content\/uploads\/2026\/02\/Herroepingsformulier-Climate-King-BV.pdf\" target=\"_blank\" rel=\"noopener\"><img loading=\"lazy\" decoding=\"async\" class=\"alignleft wp-image-1211\" src=\"https:\/\/shop.climateking.eu\/wp-content\/uploads\/2026\/02\/PDF-icon.png\" alt=\"\" width=\"75\" height=\"75\"><\/a><\/p>\n<p>[\/vc_column_text][\/vc_column][\/vc_row][vc_row][vc_column][vc_column_text css=&#8220;&#8220;](F\u00fclle dieses Formular nur aus und sende es zur\u00fcck, wenn du den Vertrag widerrufen m\u00f6chtest)[\/vc_column_text][\/vc_column][\/vc_row]<\/p>\n<\/div>","protected":false},"excerpt":{"rendered":"<p>[vc_row][vc_column][vc_column_text css=&#8220;&#8220;] Widerrufsrecht 1. Umfang des Widerrufsrechts 1.1. Das Widerrufsrecht gilt ausschlie\u00dflich f\u00fcr nat\u00fcrliche Personen, die au\u00dferhalb ihrer beruflichen oder gewerblichen T\u00e4tigkeit handeln und mit Climate King BV einen Fernabsatzvertrag innerhalb eines Mitgliedstaats der Europ\u00e4ischen Union geschlossen haben. 1.2. Vertr\u00e4ge mit Gesch\u00e4ftskunden sind ausdr\u00fccklich vom Widerrufsrecht ausgeschlossen. 2. Widerrufsfrist 2.1. Als Verbraucher hast du das [&hellip;]<\/p>\n","protected":false},"author":1,"featured_media":0,"parent":0,"menu_order":0,"comment_status":"closed","ping_status":"closed","template":"","meta":{"footnotes":""},"class_list":["post-423","page","type-page","status-publish","hentry"],"blocksy_meta":[],"_links":{"self":[{"href":"https:\/\/shop.climateking.eu\/de\/wp-json\/wp\/v2\/pages\/423","targetHints":{"allow":["GET"]}}],"collection":[{"href":"https:\/\/shop.climateking.eu\/de\/wp-json\/wp\/v2\/pages"}],"about":[{"href":"https:\/\/shop.climateking.eu\/de\/wp-json\/wp\/v2\/types\/page"}],"author":[{"embeddable":true,"href":"https:\/\/shop.climateking.eu\/de\/wp-json\/wp\/v2\/users\/1"}],"replies":[{"embeddable":true,"href":"https:\/\/shop.climateking.eu\/de\/wp-json\/wp\/v2\/comments?post=423"}],"version-history":[{"count":2,"href":"https:\/\/shop.climateking.eu\/de\/wp-json\/wp\/v2\/pages\/423\/revisions"}],"predecessor-version":[{"id":425,"href":"https:\/\/shop.climateking.eu\/de\/wp-json\/wp\/v2\/pages\/423\/revisions\/425"}],"wp:attachment":[{"href":"https:\/\/shop.climateking.eu\/de\/wp-json\/wp\/v2\/media?parent=423"}],"curies":[{"name":"wp","href":"https:\/\/api.w.org\/{rel}","templated":true}]}}