{"id":318,"date":"2026-02-16T14:34:12","date_gmt":"2026-02-16T13:34:12","guid":{"rendered":"https:\/\/shop.climateking.eu\/cookie-richtlinie\/"},"modified":"2026-02-17T09:27:59","modified_gmt":"2026-02-17T08:27:59","slug":"cookie-richtlinie","status":"publish","type":"page","link":"https:\/\/shop.climateking.eu\/de\/cookie-richtlinie\/","title":{"rendered":"Cookie-Richtlinie"},"content":{"rendered":"<div class=\"wpb-content-wrapper\"><p>[vc_row][vc_column][vc_column_text css=&#8220;&#8220;]<\/p>\n<h1>Cookie-Richtlinie<\/h1>\n<h3>1. Allgemeines<\/h3>\n<p>1.1. Diese Cookie-Richtlinie beschreibt, wie Cookies und \u00e4hnliche Technologien auf der Website von Climate King BV verwendet werden.<br \/>\n1.2. Cookies sind kleine Textdateien, die beim Besuch einer Website auf deinem Ger\u00e4t platziert werden und mit denen Informationen gespeichert oder ausgelesen werden k\u00f6nnen. <\/p>\n<h3>2. Arten von Cookies<\/h3>\n<p>2.1. Auf der Website werden ausschlie\u00dflich Cookies gesetzt, die f\u00fcr das Funktionieren der Website erforderlich sind, sowie Cookies, f\u00fcr die du, sofern gesetzlich vorgeschrieben, deine Einwilligung erteilt hast.<br \/>\n2.2. Funktionale Cookies sind notwendig, damit die Website technisch einwandfrei funktioniert und die von dir angeforderten Dienste bereitgestellt werden k\u00f6nnen.<br \/>\n2.3. Analytische Cookies k\u00f6nnen verwendet werden, um die Nutzung der Website zu analyseren und zu verbessern, sofern diese Cookies die Privatsph\u00e4re der Nutzer nicht oder nur geringf\u00fcgig beeintr\u00e4chtigen oder eine entsprechende Einwilligung vorliegt.<br \/>\n2.4. Sofern Marketing- oder Tracking-Cookies verwendet werden, erfolgt dies nur nach deiner vorherigen und ausdr\u00fccklichen Zustimmung.   <\/p>\n<h3>3. Grundlage f\u00fcr die Verwendung von Cookies<\/h3>\n<p>3.1. Funktionale Cookies werden auf Grundlage des berechtigten Interesses von Climate King BV gesetzt, da diese f\u00fcr den Betrieb der Website erforderlich sind.<br \/>\n3.2. F\u00fcr das Setzen und Auslesen von nicht zwingend erforderlichen Cookies wird vorab deine Zustimmung gem\u00e4\u00df den geltenden Gesetzen und Vorschriften eingeholt. <\/p>\n<h3>4. Verwaltung und L\u00f6schung von Cookies<\/h3>\n<p>4.1. Du kannst Cookies jederzeit \u00fcber die Einstellungen deines Webbrowsers l\u00f6schen oder blockieren.<br \/>\n4.2. Das Deaktivieren von Cookies kann dazu f\u00fchren, dass bestimmte Teile der Website nicht oder nicht ordnungsgem\u00e4\u00df funktionieren. <\/p>\n<h3>5. Dritte<\/h3>\n<p>5.1. Sofern Dritte \u00fcber die Website Cookies setzen, wird dies, soweit gesetzlich vorgeschrieben, im Cookie-Banner oder im Einwilligungsmodul angegeben.<br \/>\n5.2. Climate King BV hat keinen Einfluss auf die Verwendung von Cookies durch Dritte und verweist f\u00fcr weitere Informationen auf die Datenschutz- und Cookie-Richtlinien der jeweiligen Parteien. <\/p>\n<h3>6. Zusammenhang mit der Datenschutzerkl\u00e4rung<\/h3>\n<p>6.1. Soweit Cookies zur Verarbeitung personenbezogener Daten f\u00fchren, gilt die Datenschutzerkl\u00e4rung von Climate King BV.<br \/>\n6.2. Die Datenschutzerkl\u00e4rung ist auf der Website verf\u00fcgbar und enth\u00e4lt weitere Informationen \u00fcber die Verarbeitung personenbezogener Daten sowie die Rechte der betroffenen Personen. <\/p>\n<h3>7. \u00c4nderungen<\/h3>\n<p>7.1. Climate King BV beh\u00e4lt sich das Recht vor, diese Cookie-Richtlinie zu \u00e4ndern, wenn \u00c4nderungen der Gesetze und Vorschriften oder der Verwendung von Cookies dies erforderlich machen.<br \/>\n7.2. Die aktuellste Version der Cookie-Richtlinie ist jederzeit auf der Website verf\u00fcgbar.[\/vc_column_text][\/vc_column][\/vc_row]<\/p>\n<\/div>","protected":false},"excerpt":{"rendered":"<p>[vc_row][vc_column][vc_column_text css=&#8220;&#8220;] Cookie-Richtlinie 1. Allgemeines 1.1. Diese Cookie-Richtlinie beschreibt, wie Cookies und \u00e4hnliche Technologien auf der Website von Climate King BV verwendet werden. 1.2. Cookies sind kleine Textdateien, die beim Besuch einer Website auf deinem Ger\u00e4t platziert werden und mit denen Informationen gespeichert oder ausgelesen werden k\u00f6nnen. 2. Arten von Cookies 2.1. Auf der Website [&hellip;]<\/p>\n","protected":false},"author":1,"featured_media":0,"parent":0,"menu_order":0,"comment_status":"closed","ping_status":"closed","template":"","meta":{"footnotes":""},"class_list":["post-318","page","type-page","status-publish","hentry"],"blocksy_meta":[],"_links":{"self":[{"href":"https:\/\/shop.climateking.eu\/de\/wp-json\/wp\/v2\/pages\/318","targetHints":{"allow":["GET"]}}],"collection":[{"href":"https:\/\/shop.climateking.eu\/de\/wp-json\/wp\/v2\/pages"}],"about":[{"href":"https:\/\/shop.climateking.eu\/de\/wp-json\/wp\/v2\/types\/page"}],"author":[{"embeddable":true,"href":"https:\/\/shop.climateking.eu\/de\/wp-json\/wp\/v2\/users\/1"}],"replies":[{"embeddable":true,"href":"https:\/\/shop.climateking.eu\/de\/wp-json\/wp\/v2\/comments?post=318"}],"version-history":[{"count":8,"href":"https:\/\/shop.climateking.eu\/de\/wp-json\/wp\/v2\/pages\/318\/revisions"}],"predecessor-version":[{"id":333,"href":"https:\/\/shop.climateking.eu\/de\/wp-json\/wp\/v2\/pages\/318\/revisions\/333"}],"wp:attachment":[{"href":"https:\/\/shop.climateking.eu\/de\/wp-json\/wp\/v2\/media?parent=318"}],"curies":[{"name":"wp","href":"https:\/\/api.w.org\/{rel}","templated":true}]}}